{"id":8,"date":"2022-07-29T17:42:27","date_gmt":"2022-07-29T17:42:27","guid":{"rendered":"https:\/\/natasinipsi.com\/?page_id=8"},"modified":"2023-08-18T15:38:23","modified_gmt":"2023-08-18T15:38:23","slug":"o-nama","status":"publish","type":"page","link":"https:\/\/natasinipsi.com\/rs\/o-nama\/","title":{"rendered":"O nama"},"content":{"rendered":"\n<p>Dobrodo\u0161li na moj blog posve\u0107en psima! Moje ime je Nata\u0161a Miranovi\u0107, i sa ponosom vam predstavljam svoj novi blog &#8211; jedinstveni kutak posve\u0107en energiji pasa, ve\u0161tini dresure i \u010darima \u017eivota sa na\u0161im vernim \u010detvorono\u017enim prijateljima.<\/p>\n\n\n\n<p>Moj put sa psima traje ve\u0107 dugi niz godina, i tokom tog vremena sam stekla neprocenjivo iskustvo i znanje koje sada \u017eelim da podelim sa svima vama. Kroz svaki pasji skok, svaku \u0161etnju po ki\u0161i i svaki iskren pogled mojih krznenih prijatelja, sam nau\u010dila mnogo o njihovoj prirodi, potrebama i neverovatnom uticaju koji imaju na na\u0161e \u017eivote.<\/p>\n\n\n\n<p>Energija pasa je ne\u0161to \u0161to me je oduvek fasciniralo. Njihova iskrena radost, bezuslovna ljubav i sposobnost da nas podsete na trenutke istinske sre\u0107e su ne\u0161to \u0161to nas u\u010di kako da cenimo svaki dan. Na mom blogu \u0107u istra\u017eiti razli\u010dite aspekte njihove energije, kako je razumeti i kako je usmeriti ka pozitivnim ciljevima.<\/p>\n\n\n\n<p>Dresura, kao ve\u0161tina koja spaja nas i na\u0161e pse, tako\u0111e \u0107e biti jedna od centralnih tema mog bloga. Kroz moje dugogodi\u0161nje iskustvo u radu sa razli\u010ditim rasama i temperamentima pasa, stekla sam duboko razumevanje razli\u010ditih metoda dresure. Deli\u0107u sa vama tehnike koje su se pokazale kao najefikasnije, ali tako\u0111e \u0107u istra\u017eivati blagu i saose\u0107ajnu stranu ove ve\u0161tine koja po\u010diva na me\u0111usobnom poverenju i razumevanju.<\/p>\n\n\n\n<p>\u017divot sa psima je ispunjen avanturama, smehom i, naravno, izazovima. Na mom blogu \u0107u vam pru\u017eiti uvid u svakodnevnicu \u017eivota sa svojim \u010detvorono\u017enim saputnicima. Deli\u0107u li\u010dne pri\u010de, prakti\u010dne savete i inspiraciju kako da izgradimo dublju povezanost sa na\u0161im psima i stvorimo zajedni\u010dke uspomene koje \u0107e nas pratiti ceo \u017eivot.<\/p>\n\n\n\n<p>Hvala vam \u0161to ste se pridru\u017eili mom putovanju u svetu pasa. S nestrpljenjem o\u010dekujem da sa vama podelim svoje znanje, iskustvo i strast prema ovim divnim stvorenjima. Ako ste spremni da zajedno istra\u017eujemo svet energije pasa, dresure i divnih trenutaka koje nam pru\u017eaju, pridru\u017eite mi se na blogu.<\/p>\n\n\n\n<p>S ljubavlju prema psima,<\/p>\n\n\n\n<p>Nata\u0161a Miranovi\u0107<\/p>\n\n\n\n<p><\/p>\n","protected":false},"excerpt":{"rendered":"<p>Dobrodo\u0161li na moj blog posve\u0107en psima! Moje ime je Nata\u0161a Miranovi\u0107, i sa ponosom vam predstavljam svoj novi blog &#8211; jedinstveni kutak posve\u0107en energiji pasa, ve\u0161tini dresure i \u010darima \u017eivota sa na\u0161im vernim \u010detvorono\u017enim prijateljima. Moj put sa psima traje ve\u0107 dugi niz godina, i tokom tog vremena sam stekla neprocenjivo iskustvo i znanje koje &hellip;<\/p>\n","protected":false},"author":1,"featured_media":0,"parent":0,"menu_order":0,"comment_status":"closed","ping_status":"closed","template":"","meta":{"_uag_custom_page_level_css":"","footnotes":""},"class_list":["post-8","page","type-page","status-publish","hentry"],"yoast_head":"<!-- This site is optimized with the Yoast SEO plugin v27.4 - https:\/\/yoast.com\/product\/yoast-seo-wordpress\/ -->\n<title>O nama | Nata\u0161ini psi<\/title>\n<meta name=\"description\" content=\"Sa ponosom vam predstavljam svoj novi blog - jedinstveni kutak posve\u0107en energiji pasa, ve\u0161tini dresure i \u010darima \u017eivota sa na\u0161im vernim ...\" \/>\n<meta name=\"robots\" content=\"index, follow, max-snippet:-1, max-image-preview:large, max-video-preview:-1\" \/>\n<link rel=\"canonical\" href=\"https:\/\/natasinipsi.com\/rs\/o-nama\/\" \/>\n<meta property=\"og:locale\" content=\"sr_RS\" \/>\n<meta property=\"og:type\" content=\"article\" \/>\n<meta property=\"og:title\" content=\"O nama | Nata\u0161ini psi\" \/>\n<meta property=\"og:description\" content=\"Sa ponosom vam predstavljam svoj novi blog - jedinstveni kutak posve\u0107en energiji pasa, ve\u0161tini dresure i \u010darima \u017eivota sa na\u0161im vernim ...\" \/>\n<meta property=\"og:url\" content=\"https:\/\/natasinipsi.com\/rs\/o-nama\/\" \/>\n<meta property=\"og:site_name\" content=\"Nata\u0161ini psi\" \/>\n<meta property=\"article:publisher\" content=\"https:\/\/www.facebook.com\/\" \/>\n<meta property=\"article:modified_time\" content=\"2023-08-18T15:38:23+00:00\" \/>\n<meta property=\"og:image\" content=\"https:\/\/natasinipsi.com\/wp-content\/uploads\/2023\/05\/blog-o-psima-natasini-psi.jpg\" \/>\n\t<meta property=\"og:image:width\" content=\"1200\" \/>\n\t<meta property=\"og:image:height\" content=\"675\" \/>\n\t<meta property=\"og:image:type\" content=\"image\/jpeg\" \/>\n<meta name=\"twitter:card\" content=\"summary_large_image\" \/>\n<meta name=\"twitter:label1\" content=\"\u041f\u0440\u043e\u0446\u0435\u045a\u0435\u043d\u043e \u0432\u0440\u0435\u043c\u0435 \u0447\u0438\u0442\u0430\u045a\u0430\" \/>\n\t<meta name=\"twitter:data1\" content=\"2 \u043c\u0438\u043d\u0443\u0442\u0430\" \/>\n<script type=\"application\/ld+json\" class=\"yoast-schema-graph\">{\"@context\":\"https:\\\/\\\/schema.org\",\"@graph\":[{\"@type\":\"WebPage\",\"@id\":\"https:\\\/\\\/natasinipsi.com\\\/o-nama\\\/\",\"url\":\"https:\\\/\\\/natasinipsi.com\\\/o-nama\\\/\",\"name\":\"O nama | Nata\u0161ini psi\",\"isPartOf\":{\"@id\":\"https:\\\/\\\/natasinipsi.com\\\/#website\"},\"datePublished\":\"2022-07-29T17:42:27+00:00\",\"dateModified\":\"2023-08-18T15:38:23+00:00\",\"description\":\"Sa ponosom vam predstavljam svoj novi blog - jedinstveni kutak posve\u0107en energiji pasa, ve\u0161tini dresure i \u010darima \u017eivota sa na\u0161im vernim ...\",\"breadcrumb\":{\"@id\":\"https:\\\/\\\/natasinipsi.com\\\/o-nama\\\/#breadcrumb\"},\"inLanguage\":\"sr-RS\",\"potentialAction\":[{\"@type\":\"ReadAction\",\"target\":[\"https:\\\/\\\/natasinipsi.com\\\/o-nama\\\/\"]}]},{\"@type\":\"BreadcrumbList\",\"@id\":\"https:\\\/\\\/natasinipsi.com\\\/o-nama\\\/#breadcrumb\",\"itemListElement\":[{\"@type\":\"ListItem\",\"position\":1,\"name\":\"\u041f\u043e\u0447\u0435\u0442\u043d\u0430\",\"item\":\"https:\\\/\\\/natasinipsi.com\\\/rs\\\/\"},{\"@type\":\"ListItem\",\"position\":2,\"name\":\"O nama\"}]},{\"@type\":\"WebSite\",\"@id\":\"https:\\\/\\\/natasinipsi.com\\\/#website\",\"url\":\"https:\\\/\\\/natasinipsi.com\\\/\",\"name\":\"Nata\u0161ini psi\",\"description\":\"blog o psima\",\"publisher\":{\"@id\":\"https:\\\/\\\/natasinipsi.com\\\/#organization\"},\"potentialAction\":[{\"@type\":\"SearchAction\",\"target\":{\"@type\":\"EntryPoint\",\"urlTemplate\":\"https:\\\/\\\/natasinipsi.com\\\/?s={search_term_string}\"},\"query-input\":{\"@type\":\"PropertyValueSpecification\",\"valueRequired\":true,\"valueName\":\"search_term_string\"}}],\"inLanguage\":\"sr-RS\"},{\"@type\":\"Organization\",\"@id\":\"https:\\\/\\\/natasinipsi.com\\\/#organization\",\"name\":\"Nata\u0161ini psi\",\"url\":\"https:\\\/\\\/natasinipsi.com\\\/\",\"logo\":{\"@type\":\"ImageObject\",\"inLanguage\":\"sr-RS\",\"@id\":\"https:\\\/\\\/natasinipsi.com\\\/#\\\/schema\\\/logo\\\/image\\\/\",\"url\":\"https:\\\/\\\/natasinipsi.com\\\/wp-content\\\/uploads\\\/2025\\\/05\\\/cropped-Natasini-psi-logo-bez-pozadine.png\",\"contentUrl\":\"https:\\\/\\\/natasinipsi.com\\\/wp-content\\\/uploads\\\/2025\\\/05\\\/cropped-Natasini-psi-logo-bez-pozadine.png\",\"width\":512,\"height\":512,\"caption\":\"Nata\u0161ini psi\"},\"image\":{\"@id\":\"https:\\\/\\\/natasinipsi.com\\\/#\\\/schema\\\/logo\\\/image\\\/\"},\"sameAs\":[\"https:\\\/\\\/www.facebook.com\\\/\"]}]}<\/script>\n<!-- \/ Yoast SEO plugin. -->","yoast_head_json":{"title":"O nama | Nata\u0161ini psi","description":"Sa ponosom vam predstavljam svoj novi blog - jedinstveni kutak posve\u0107en energiji pasa, ve\u0161tini dresure i \u010darima \u017eivota sa na\u0161im vernim ...","robots":{"index":"index","follow":"follow","max-snippet":"max-snippet:-1","max-image-preview":"max-image-preview:large","max-video-preview":"max-video-preview:-1"},"canonical":"https:\/\/natasinipsi.com\/rs\/o-nama\/","og_locale":"sr_RS","og_type":"article","og_title":"O nama | Nata\u0161ini psi","og_description":"Sa ponosom vam predstavljam svoj novi blog - jedinstveni kutak posve\u0107en energiji pasa, ve\u0161tini dresure i \u010darima \u017eivota sa na\u0161im vernim ...","og_url":"https:\/\/natasinipsi.com\/rs\/o-nama\/","og_site_name":"Nata\u0161ini psi","article_publisher":"https:\/\/www.facebook.com\/","article_modified_time":"2023-08-18T15:38:23+00:00","og_image":[{"width":1200,"height":675,"url":"https:\/\/natasinipsi.com\/wp-content\/uploads\/2023\/05\/blog-o-psima-natasini-psi.jpg","type":"image\/jpeg"}],"twitter_card":"summary_large_image","twitter_misc":{"\u041f\u0440\u043e\u0446\u0435\u045a\u0435\u043d\u043e \u0432\u0440\u0435\u043c\u0435 \u0447\u0438\u0442\u0430\u045a\u0430":"2 \u043c\u0438\u043d\u0443\u0442\u0430"},"schema":{"@context":"https:\/\/schema.org","@graph":[{"@type":"WebPage","@id":"https:\/\/natasinipsi.com\/o-nama\/","url":"https:\/\/natasinipsi.com\/o-nama\/","name":"O nama | Nata\u0161ini psi","isPartOf":{"@id":"https:\/\/natasinipsi.com\/#website"},"datePublished":"2022-07-29T17:42:27+00:00","dateModified":"2023-08-18T15:38:23+00:00","description":"Sa ponosom vam predstavljam svoj novi blog - jedinstveni kutak posve\u0107en energiji pasa, ve\u0161tini dresure i \u010darima \u017eivota sa na\u0161im vernim ...","breadcrumb":{"@id":"https:\/\/natasinipsi.com\/o-nama\/#breadcrumb"},"inLanguage":"sr-RS","potentialAction":[{"@type":"ReadAction","target":["https:\/\/natasinipsi.com\/o-nama\/"]}]},{"@type":"BreadcrumbList","@id":"https:\/\/natasinipsi.com\/o-nama\/#breadcrumb","itemListElement":[{"@type":"ListItem","position":1,"name":"\u041f\u043e\u0447\u0435\u0442\u043d\u0430","item":"https:\/\/natasinipsi.com\/rs\/"},{"@type":"ListItem","position":2,"name":"O nama"}]},{"@type":"WebSite","@id":"https:\/\/natasinipsi.com\/#website","url":"https:\/\/natasinipsi.com\/","name":"Nata\u0161ini psi","description":"blog o psima","publisher":{"@id":"https:\/\/natasinipsi.com\/#organization"},"potentialAction":[{"@type":"SearchAction","target":{"@type":"EntryPoint","urlTemplate":"https:\/\/natasinipsi.com\/?s={search_term_string}"},"query-input":{"@type":"PropertyValueSpecification","valueRequired":true,"valueName":"search_term_string"}}],"inLanguage":"sr-RS"},{"@type":"Organization","@id":"https:\/\/natasinipsi.com\/#organization","name":"Nata\u0161ini psi","url":"https:\/\/natasinipsi.com\/","logo":{"@type":"ImageObject","inLanguage":"sr-RS","@id":"https:\/\/natasinipsi.com\/#\/schema\/logo\/image\/","url":"https:\/\/natasinipsi.com\/wp-content\/uploads\/2025\/05\/cropped-Natasini-psi-logo-bez-pozadine.png","contentUrl":"https:\/\/natasinipsi.com\/wp-content\/uploads\/2025\/05\/cropped-Natasini-psi-logo-bez-pozadine.png","width":512,"height":512,"caption":"Nata\u0161ini psi"},"image":{"@id":"https:\/\/natasinipsi.com\/#\/schema\/logo\/image\/"},"sameAs":["https:\/\/www.facebook.com\/"]}]}},"uagb_featured_image_src":{"full":false,"thumbnail":false,"medium":false,"medium_large":false,"large":false,"1536x1536":false,"2048x2048":false,"trp-custom-language-flag":false},"uagb_author_info":{"display_name":"Nata\u0161a","author_link":"https:\/\/natasinipsi.com\/rs\/author\/natasa41419\/"},"uagb_comment_info":0,"uagb_excerpt":"Dobrodo\u0161li na moj blog posve\u0107en psima! Moje ime je Nata\u0161a Miranovi\u0107, i sa ponosom vam predstavljam svoj novi blog &#8211; jedinstveni kutak posve\u0107en energiji pasa, ve\u0161tini dresure i \u010darima \u017eivota sa na\u0161im vernim \u010detvorono\u017enim prijateljima. Moj put sa psima traje ve\u0107 dugi niz godina, i tokom tog vremena sam stekla neprocenjivo iskustvo i znanje koje&hellip;","jetpack_sharing_enabled":true,"_links":{"self":[{"href":"https:\/\/natasinipsi.com\/rs\/wp-json\/wp\/v2\/pages\/8","targetHints":{"allow":["GET"]}}],"collection":[{"href":"https:\/\/natasinipsi.com\/rs\/wp-json\/wp\/v2\/pages"}],"about":[{"href":"https:\/\/natasinipsi.com\/rs\/wp-json\/wp\/v2\/types\/page"}],"author":[{"embeddable":true,"href":"https:\/\/natasinipsi.com\/rs\/wp-json\/wp\/v2\/users\/1"}],"replies":[{"embeddable":true,"href":"https:\/\/natasinipsi.com\/rs\/wp-json\/wp\/v2\/comments?post=8"}],"version-history":[{"count":0,"href":"https:\/\/natasinipsi.com\/rs\/wp-json\/wp\/v2\/pages\/8\/revisions"}],"wp:attachment":[{"href":"https:\/\/natasinipsi.com\/rs\/wp-json\/wp\/v2\/media?parent=8"}],"curies":[{"name":"wp","href":"https:\/\/api.w.org\/{rel}","templated":true}]}}