{"id":50,"date":"2022-07-29T20:07:43","date_gmt":"2022-07-29T20:07:43","guid":{"rendered":"https:\/\/natasinipsi.com\/?page_id=50"},"modified":"2025-05-17T20:33:57","modified_gmt":"2025-05-17T20:33:57","slug":"pocetna","status":"publish","type":"page","link":"https:\/\/natasinipsi.com\/en\/","title":{"rendered":"Home"},"content":{"rendered":"<div data-elementor-type=\"wp-page\" data-elementor-id=\"50\" class=\"elementor elementor-50\">\n\t\t\t\t<div class=\"elementor-element elementor-element-02f2ca1 e-flex e-con-boxed e-con e-parent\" data-id=\"02f2ca1\" data-element_type=\"container\" data-e-type=\"container\">\n\t\t\t\t\t<div class=\"e-con-inner\">\n\t\t\t\t<div class=\"elementor-element elementor-element-b872b99 elementor-widget elementor-widget-heading\" data-id=\"b872b99\" data-element_type=\"widget\" data-e-type=\"widget\" data-widget_type=\"heading.default\">\n\t\t\t\t<div class=\"elementor-widget-container\">\n\t\t\t\t\t<h2 class=\"elementor-heading-title elementor-size-default\">Blog o psima - mesto gde psi i ljudi postaju najbolji prijatelji<\/h2>\t\t\t\t<\/div>\n\t\t\t\t<\/div>\n\t\t\t\t\t<\/div>\n\t\t\t\t<\/div>\n\t\t<div class=\"elementor-element elementor-element-da0cf60 e-flex e-con-boxed e-con e-parent\" data-id=\"da0cf60\" data-element_type=\"container\" data-e-type=\"container\">\n\t\t\t\t\t<div class=\"e-con-inner\">\n\t\t\t\t<div class=\"elementor-element elementor-element-7e30ef8 elementor-widget elementor-widget-contentviews_widget_grid1\" data-id=\"7e30ef8\" data-element_type=\"widget\" data-e-type=\"widget\" data-widget_type=\"contentviews_widget_grid1.default\">\n\t\t\t\t<div class=\"elementor-widget-container\">\n\t\t\t\t\t<div class='pt-cv-wrapper'> <div class=\"pt-cv-view pt-cv-blockgrid iscvblock iscvelementor grid1 layout1\" id=\"pt-cv-view-7e30ef8\"><div data-id=\"pt-cv-page-1\" class=\"pt-cv-page\" data-cvc=\"3\"><div class=\"pt-cv-content-item pt-cv-1-col\" ><div class=\"pt-cv-thumb-wrapper\"><a href=\"https:\/\/natasinipsi.com\/en\/ukida-se-titar-test-za-pse-srbija-eu\/\" class=\"_self pt-cv-href-thumbnail pt-cv-thumb-default\" target=\"_self\" ><img fetchpriority=\"high\" decoding=\"async\" width=\"960\" height=\"893\" src=\"https:\/\/natasinipsi.com\/wp-content\/uploads\/2026\/04\/no-more-titer-test-dog-travel-eu-serbia.jpg.jpg\" class=\"pt-cv-thumbnail\" alt=\"Traveling with your dog from Serbia to the EU is about to become much easier\" \/><\/a><\/div>\n<div class=\"pt-cv-taxoterm above_title\"><a href='https:\/\/natasinipsi.com\/en\/category\/saveti-i-trikovi\/' title='Tips and tricks' class='pt-cv-tax-saveti-i-trikovi'>Tips and tricks<\/a><\/div>\n<h4 class=\"pt-cv-title\"><a href=\"https:\/\/natasinipsi.com\/en\/ukida-se-titar-test-za-pse-srbija-eu\/\" class=\"_self\" target=\"_self\" >UKIDA SE TITAR TEST ZA PSE IZ SRBIJE (Ali evo \u0161ta to ZAISTA zna\u010di)<\/a><\/h4>\n<div class=\"pt-cv-content\">Nova pravila za putovanje sa psom u EU 2026 Godinama si \u010dekao. Pla\u0107ao. Nervirao se.I sad\u2026 odjednom\u2026 vi\u0161e ne mora\u0161 ...<\/div>\n<div class=\"pt-cv-rmwrap\"><a href=\"https:\/\/natasinipsi.com\/en\/ukida-se-titar-test-za-pse-srbija-eu\/\" class=\"_self pt-cv-readmore btn btn-success\" target=\"_self\" >Pro\u010ditaj vi\u0161e<\/a><\/div>\n<div class=\"pt-cv-meta-fields\"><span class=\"entry-date\"> <time datetime=\"2026-04-09T09:12:00+00:00\">April 9, 2026<\/time><\/span><span> \/ <\/span><span class=\"author\"> <a href=\"https:\/\/natasinipsi.com\/en\/author\/natasa41419\/\" rel=\"author\">Nata\u0161a<\/a><\/span><\/div><\/div>\n<div class=\"pt-cv-content-item pt-cv-1-col\" ><div class=\"pt-cv-thumb-wrapper\"><a href=\"https:\/\/natasinipsi.com\/en\/zasto-te-pas-ignorise-i-sta-da-uradis-odmah-danas\/\" class=\"_self pt-cv-href-thumbnail pt-cv-thumb-default\" target=\"_self\" ><img decoding=\"async\" width=\"819\" height=\"1024\" src=\"https:\/\/natasinipsi.com\/wp-content\/uploads\/2026\/03\/zasto-pas-ignorise-vlasnika-dresura.jpg-819x1024.jpg\" class=\"pt-cv-thumbnail\" alt=\"Pas ignori\u0161e vlasnika tokom treninga i gleda na drugu stranu napolju\" \/><\/a><\/div>\n<div class=\"pt-cv-taxoterm above_title\"><a href='https:\/\/natasinipsi.com\/en\/category\/saveti-i-trikovi\/' title='Tips and tricks' class='pt-cv-tax-saveti-i-trikovi'>Tips and tricks<\/a><\/div>\n<h4 class=\"pt-cv-title\"><a href=\"https:\/\/natasinipsi.com\/en\/zasto-te-pas-ignorise-i-sta-da-uradis-odmah-danas\/\" class=\"_self\" target=\"_self\" >ZA\u0160TO TE PAS IGNORI\u0160E (I \u0160TA DA URADI\u0160 ODMAH DANAS)<\/a><\/h4>\n<div class=\"pt-cv-content\">Ako ima\u0161 psa, ovo mora\u0161 da zna\u0161. Hajde da budemo brutalno iskreni. Koliko puta si rekao\/la:\u201eMoj pas me ne slu\u0161a.\u201c ...<\/div>\n<div class=\"pt-cv-rmwrap\"><a href=\"https:\/\/natasinipsi.com\/en\/zasto-te-pas-ignorise-i-sta-da-uradis-odmah-danas\/\" class=\"_self pt-cv-readmore btn btn-success\" target=\"_self\" >Pro\u010ditaj vi\u0161e<\/a><\/div>\n<div class=\"pt-cv-meta-fields\"><span class=\"entry-date\"> <time datetime=\"2026-03-22T20:31:42+00:00\">March 22, 2026<\/time><\/span><span> \/ <\/span><span class=\"author\"> <a href=\"https:\/\/natasinipsi.com\/en\/author\/natasa41419\/\" rel=\"author\">Nata\u0161a<\/a><\/span><\/div><\/div>\n<div class=\"pt-cv-content-item pt-cv-1-col\" ><div class=\"pt-cv-thumb-wrapper\"><a href=\"https:\/\/natasinipsi.com\/en\/automatska-hranilica-za-pse-da-li-je-automatska-hranilica-za-pse-zaista-pametna-kupovina\/\" class=\"_self pt-cv-href-thumbnail pt-cv-thumb-default\" target=\"_self\" ><img decoding=\"async\" width=\"1024\" height=\"1024\" src=\"https:\/\/natasinipsi.com\/wp-content\/uploads\/2026\/03\/automatic-feeder-review.jpg.jpg\" class=\"pt-cv-thumbnail\" alt=\"pregled automatske hranilice za pse\" \/><\/a><\/div>\n<div class=\"pt-cv-taxoterm above_title\"><a href='https:\/\/natasinipsi.com\/en\/category\/saveti-i-trikovi\/' title='Tips and tricks' class='pt-cv-tax-saveti-i-trikovi'>Tips and tricks<\/a><\/div>\n<h4 class=\"pt-cv-title\"><a href=\"https:\/\/natasinipsi.com\/en\/automatska-hranilica-za-pse-da-li-je-automatska-hranilica-za-pse-zaista-pametna-kupovina\/\" class=\"_self\" target=\"_self\" >AUTOMATSKA HRANILICA ZA PSE: Da li je automatska hranilica za pse zaista pametna kupovina?<\/a><\/h4>\n<div class=\"pt-cv-content\">Zamisli ovo. Ujutru \u017euri\u0161 na posao.Telefon zvoni.Kafa se hladi na stolu. A tvoj pas?Sedi pored \u010dinije i gleda te kao ...<\/div>\n<div class=\"pt-cv-rmwrap\"><a href=\"https:\/\/natasinipsi.com\/en\/automatska-hranilica-za-pse-da-li-je-automatska-hranilica-za-pse-zaista-pametna-kupovina\/\" class=\"_self pt-cv-readmore btn btn-success\" target=\"_self\" >Pro\u010ditaj vi\u0161e<\/a><\/div>\n<div class=\"pt-cv-meta-fields\"><span class=\"entry-date\"> <time datetime=\"2026-03-21T12:09:00+00:00\">March 21, 2026<\/time><\/span><span> \/ <\/span><span class=\"author\"> <a href=\"https:\/\/natasinipsi.com\/en\/author\/natasa41419\/\" rel=\"author\">Nata\u0161a<\/a><\/span><\/div><\/div>\n<div class=\"pt-cv-content-item pt-cv-1-col\" ><div class=\"pt-cv-thumb-wrapper\"><a href=\"https:\/\/natasinipsi.com\/en\/pravi-ili-pogresan-trend-raw-ishrana-insekti-u-hrani-i-egzoticni-proteini\/\" class=\"_self pt-cv-href-thumbnail pt-cv-thumb-default\" target=\"_self\" ><img loading=\"lazy\" decoding=\"async\" width=\"1024\" height=\"1024\" src=\"https:\/\/natasinipsi.com\/wp-content\/uploads\/2026\/03\/sirova-ishrana-za-pse-hrana-za-insekte-pse-egzoticni-proteini.jpg.jpg\" class=\"pt-cv-thumbnail\" alt=\"sirova ishrana za pse\" \/><\/a><\/div>\n<div class=\"pt-cv-taxoterm above_title\"><a href='https:\/\/natasinipsi.com\/en\/category\/saveti-i-trikovi\/' title='Tips and tricks' class='pt-cv-tax-saveti-i-trikovi'>Tips and tricks<\/a><\/div>\n<h4 class=\"pt-cv-title\"><a href=\"https:\/\/natasinipsi.com\/en\/pravi-ili-pogresan-trend-raw-ishrana-insekti-u-hrani-i-egzoticni-proteini\/\" class=\"_self\" target=\"_self\" >PRAVI ILI POGRE\u0160AN TREND: RAW ISHRANA, INSEKTI U HRANI I EGZOTI\u010cNI PROTEINI<\/a><\/h4>\n<div class=\"pt-cv-content\">\u0160TA NAUKA ZAISTA KA\u017dE? Pre deset godina skoro niko nije pri\u010dao o tome \u0161ta je u \u010diniji psa. Danas?Raw dijeta.Hrana ...<\/div>\n<div class=\"pt-cv-rmwrap\"><a href=\"https:\/\/natasinipsi.com\/en\/pravi-ili-pogresan-trend-raw-ishrana-insekti-u-hrani-i-egzoticni-proteini\/\" class=\"_self pt-cv-readmore btn btn-success\" target=\"_self\" >Pro\u010ditaj vi\u0161e<\/a><\/div>\n<div class=\"pt-cv-meta-fields\"><span class=\"entry-date\"> <time datetime=\"2026-03-14T10:28:37+00:00\">March 14, 2026<\/time><\/span><span> \/ <\/span><span class=\"author\"> <a href=\"https:\/\/natasinipsi.com\/en\/author\/natasa41419\/\" rel=\"author\">Nata\u0161a<\/a><\/span><\/div><\/div>\n<div class=\"pt-cv-content-item pt-cv-1-col\" ><div class=\"pt-cv-thumb-wrapper\"><a href=\"https:\/\/natasinipsi.com\/en\/sta-se-desava-u-mozgu-psa-kad-se-zaljubi-psihologija-veze-covek-pas\/\" class=\"_self pt-cv-href-thumbnail pt-cv-thumb-default\" target=\"_self\" ><img loading=\"lazy\" decoding=\"async\" width=\"1024\" height=\"1024\" src=\"https:\/\/natasinipsi.com\/wp-content\/uploads\/2026\/02\/sta-se-desava-u-mozgu-psa-kada-se-zaljubi.jpg\" class=\"pt-cv-thumbnail\" alt=\"\u0161ta je ljubav kod pasa\" \/><\/a><\/div>\n<div class=\"pt-cv-taxoterm above_title\"><a href='https:\/\/natasinipsi.com\/en\/category\/saveti-i-trikovi\/' title='Tips and tricks' class='pt-cv-tax-saveti-i-trikovi'>Tips and tricks<\/a><\/div>\n<h4 class=\"pt-cv-title\"><a href=\"https:\/\/natasinipsi.com\/en\/sta-se-desava-u-mozgu-psa-kad-se-zaljubi-psihologija-veze-covek-pas\/\" class=\"_self\" target=\"_self\" >\u0160TA SE DE\u0160AVA U MOZGU PSA KAD SE \u201cZALJUBI\u201d?\u00a0 PSIHOLOGIJA VEZE \u010cOVEK-PAS<\/a><\/h4>\n<div class=\"pt-cv-content\">Da li psi zaista \u201cvole\u201d\u00a0 i \u0161ta je to zapravo? Svi koji imaju psa bar jednom su se zapitali: da ...<\/div>\n<div class=\"pt-cv-rmwrap\"><a href=\"https:\/\/natasinipsi.com\/en\/sta-se-desava-u-mozgu-psa-kad-se-zaljubi-psihologija-veze-covek-pas\/\" class=\"_self pt-cv-readmore btn btn-success\" target=\"_self\" >Pro\u010ditaj vi\u0161e<\/a><\/div>\n<div class=\"pt-cv-meta-fields\"><span class=\"entry-date\"> <time datetime=\"2026-02-23T12:09:00+00:00\">February 23, 2026<\/time><\/span><span> \/ <\/span><span class=\"author\"> <a href=\"https:\/\/natasinipsi.com\/en\/author\/natasa41419\/\" rel=\"author\">Nata\u0161a<\/a><\/span><\/div><\/div>\n<div class=\"pt-cv-content-item pt-cv-1-col\" ><div class=\"pt-cv-thumb-wrapper\"><a href=\"https:\/\/natasinipsi.com\/en\/sta-je-nagrada-za-psa-i-zasto-to-nije-samo-poslastica\/\" class=\"_self pt-cv-href-thumbnail pt-cv-thumb-default\" target=\"_self\" ><img loading=\"lazy\" decoding=\"async\" width=\"819\" height=\"1024\" src=\"https:\/\/natasinipsi.com\/wp-content\/uploads\/2026\/01\/sta-je-nagrada-za-psa-poslastica.jpg-819x1024.jpg\" class=\"pt-cv-thumbnail\" alt=\"sta-je-nagrada-za-psa-poslastica.jpg\" \/><\/a><\/div>\n<div class=\"pt-cv-taxoterm above_title\"><a href='https:\/\/natasinipsi.com\/en\/category\/saveti-i-trikovi\/' title='Tips and tricks' class='pt-cv-tax-saveti-i-trikovi'>Tips and tricks<\/a><\/div>\n<h4 class=\"pt-cv-title\"><a href=\"https:\/\/natasinipsi.com\/en\/sta-je-nagrada-za-psa-i-zasto-to-nije-samo-poslastica\/\" class=\"_self\" target=\"_self\" >\u0160TA JE NAGRADA ZA PSA? (I za\u0161to to nije samo poslastica)<\/a><\/h4>\n<div class=\"pt-cv-content\">KAKO PRAVILNO NAGRA\u0110IVANJE UTI\u010cE NA PONA\u0160ANJE, DRESURU I ODNOS SA PSOM Pas te gleda. Sedi. \u010ceka. U ruci ti je ...<\/div>\n<div class=\"pt-cv-rmwrap\"><a href=\"https:\/\/natasinipsi.com\/en\/sta-je-nagrada-za-psa-i-zasto-to-nije-samo-poslastica\/\" class=\"_self pt-cv-readmore btn btn-success\" target=\"_self\" >Pro\u010ditaj vi\u0161e<\/a><\/div>\n<div class=\"pt-cv-meta-fields\"><span class=\"entry-date\"> <time datetime=\"2026-01-31T20:20:27+00:00\">January 31, 2026<\/time><\/span><span> \/ <\/span><span class=\"author\"> <a href=\"https:\/\/natasinipsi.com\/en\/author\/natasa41419\/\" rel=\"author\">Nata\u0161a<\/a><\/span><\/div><\/div><\/div><\/div> <\/div> \t\t\t\t<\/div>\n\t\t\t\t<\/div>\n\t\t\t\t\t<\/div>\n\t\t\t\t<\/div>\n\t\t\t\t<\/div>","protected":false},"excerpt":{"rendered":"<p>Blog o psima &#8211; mesto gde psi i ljudi postaju najbolji prijatelji Saveti i trikovi KAKO NAU\u010cITI PSA DA NE LAJE \u010cESTO Lajanje je prirodan na\u010din komunikacije za pse. Oni nam kroz lave\u017e poru\u010duju da su uzbu\u0111eni, upla\u0161eni, da im je dosadno &#8230; Pro\u010ditaj vi\u0161e \u043c\u0430\u0458 13, 2025 \/ Nata\u0161a Saveti i trikovi KAKO PREBOLETI &hellip;<\/p>","protected":false},"author":1,"featured_media":0,"parent":0,"menu_order":0,"comment_status":"closed","ping_status":"closed","template":"","meta":{"_uag_custom_page_level_css":"","footnotes":""},"class_list":["post-50","page","type-page","status-publish","hentry"],"yoast_head":"<!-- This site is optimized with the Yoast SEO plugin v27.4 - https:\/\/yoast.com\/product\/yoast-seo-wordpress\/ -->\n<title>Po\u010detna | Nata\u0161ini psi<\/title>\n<meta name=\"description\" content=\"Dobrodo\u0161li na blog posve\u0107en psima! Prona\u0111ite korisne savete o dresuri, pona\u0161anju i brizi o psima, kao i pri\u010de koje \u0107e vam ulep\u0161ati dan\" \/>\n<meta name=\"robots\" content=\"index, follow, max-snippet:-1, max-image-preview:large, max-video-preview:-1\" \/>\n<link rel=\"canonical\" href=\"https:\/\/natasinipsi.com\/en\/\" \/>\n<meta property=\"og:locale\" content=\"en_US\" \/>\n<meta property=\"og:type\" content=\"article\" \/>\n<meta property=\"og:title\" content=\"Po\u010detna | Nata\u0161ini psi\" \/>\n<meta property=\"og:description\" content=\"Dobrodo\u0161li na blog posve\u0107en psima! Prona\u0111ite korisne savete o dresuri, pona\u0161anju i brizi o psima, kao i pri\u010de koje \u0107e vam ulep\u0161ati dan\" \/>\n<meta property=\"og:url\" content=\"https:\/\/natasinipsi.com\/en\/\" \/>\n<meta property=\"og:site_name\" content=\"Nata\u0161ini psi\" \/>\n<meta property=\"article:publisher\" content=\"https:\/\/www.facebook.com\/\" \/>\n<meta property=\"article:modified_time\" content=\"2025-05-17T20:33:57+00:00\" \/>\n<meta property=\"og:image\" content=\"https:\/\/natasinipsi.com\/wp-content\/uploads\/2025\/05\/kako-nauciti-psa-da-ne-laje-cesto-1024x1024.jpg\" \/>\n<meta name=\"twitter:card\" content=\"summary_large_image\" \/>\n<meta name=\"twitter:label1\" content=\"Est. reading time\" \/>\n\t<meta name=\"twitter:data1\" content=\"3 minutes\" \/>\n<script type=\"application\/ld+json\" class=\"yoast-schema-graph\">{\"@context\":\"https:\\\/\\\/schema.org\",\"@graph\":[{\"@type\":\"WebPage\",\"@id\":\"https:\\\/\\\/natasinipsi.com\\\/rs\\\/\",\"url\":\"https:\\\/\\\/natasinipsi.com\\\/rs\\\/\",\"name\":\"Po\u010detna | Nata\u0161ini psi\",\"isPartOf\":{\"@id\":\"https:\\\/\\\/natasinipsi.com\\\/#website\"},\"primaryImageOfPage\":{\"@id\":\"https:\\\/\\\/natasinipsi.com\\\/rs\\\/#primaryimage\"},\"image\":{\"@id\":\"https:\\\/\\\/natasinipsi.com\\\/rs\\\/#primaryimage\"},\"thumbnailUrl\":\"https:\\\/\\\/natasinipsi.com\\\/wp-content\\\/uploads\\\/2025\\\/05\\\/kako-nauciti-psa-da-ne-laje-cesto-1024x1024.jpg\",\"datePublished\":\"2022-07-29T20:07:43+00:00\",\"dateModified\":\"2025-05-17T20:33:57+00:00\",\"description\":\"Dobrodo\u0161li na blog posve\u0107en psima! Prona\u0111ite korisne savete o dresuri, pona\u0161anju i brizi o psima, kao i pri\u010de koje \u0107e vam ulep\u0161ati dan\",\"breadcrumb\":{\"@id\":\"https:\\\/\\\/natasinipsi.com\\\/rs\\\/#breadcrumb\"},\"inLanguage\":\"en-US\",\"potentialAction\":[{\"@type\":\"ReadAction\",\"target\":[\"https:\\\/\\\/natasinipsi.com\\\/rs\\\/\"]}]},{\"@type\":\"ImageObject\",\"inLanguage\":\"en-US\",\"@id\":\"https:\\\/\\\/natasinipsi.com\\\/rs\\\/#primaryimage\",\"url\":\"https:\\\/\\\/natasinipsi.com\\\/wp-content\\\/uploads\\\/2025\\\/05\\\/kako-nauciti-psa-da-ne-laje-cesto-1024x1024.jpg\",\"contentUrl\":\"https:\\\/\\\/natasinipsi.com\\\/wp-content\\\/uploads\\\/2025\\\/05\\\/kako-nauciti-psa-da-ne-laje-cesto-1024x1024.jpg\"},{\"@type\":\"BreadcrumbList\",\"@id\":\"https:\\\/\\\/natasinipsi.com\\\/rs\\\/#breadcrumb\",\"itemListElement\":[{\"@type\":\"ListItem\",\"position\":1,\"name\":\"\u041f\u043e\u0447\u0435\u0442\u043d\u0430\",\"item\":\"https:\\\/\\\/natasinipsi.com\\\/rs\\\/\"},{\"@type\":\"ListItem\",\"position\":2,\"name\":\"Po\u010detna\"}]},{\"@type\":\"WebSite\",\"@id\":\"https:\\\/\\\/natasinipsi.com\\\/#website\",\"url\":\"https:\\\/\\\/natasinipsi.com\\\/\",\"name\":\"Nata\u0161ini psi\",\"description\":\"blog o psima\",\"publisher\":{\"@id\":\"https:\\\/\\\/natasinipsi.com\\\/#organization\"},\"potentialAction\":[{\"@type\":\"SearchAction\",\"target\":{\"@type\":\"EntryPoint\",\"urlTemplate\":\"https:\\\/\\\/natasinipsi.com\\\/?s={search_term_string}\"},\"query-input\":{\"@type\":\"PropertyValueSpecification\",\"valueRequired\":true,\"valueName\":\"search_term_string\"}}],\"inLanguage\":\"en-US\"},{\"@type\":\"Organization\",\"@id\":\"https:\\\/\\\/natasinipsi.com\\\/#organization\",\"name\":\"Nata\u0161ini psi\",\"url\":\"https:\\\/\\\/natasinipsi.com\\\/\",\"logo\":{\"@type\":\"ImageObject\",\"inLanguage\":\"en-US\",\"@id\":\"https:\\\/\\\/natasinipsi.com\\\/#\\\/schema\\\/logo\\\/image\\\/\",\"url\":\"https:\\\/\\\/natasinipsi.com\\\/wp-content\\\/uploads\\\/2025\\\/05\\\/cropped-Natasini-psi-logo-bez-pozadine.png\",\"contentUrl\":\"https:\\\/\\\/natasinipsi.com\\\/wp-content\\\/uploads\\\/2025\\\/05\\\/cropped-Natasini-psi-logo-bez-pozadine.png\",\"width\":512,\"height\":512,\"caption\":\"Nata\u0161ini psi\"},\"image\":{\"@id\":\"https:\\\/\\\/natasinipsi.com\\\/#\\\/schema\\\/logo\\\/image\\\/\"},\"sameAs\":[\"https:\\\/\\\/www.facebook.com\\\/\"]}]}<\/script>\n<!-- \/ Yoast SEO plugin. -->","yoast_head_json":{"title":"Po\u010detna | Nata\u0161ini psi","description":"Dobrodo\u0161li na blog posve\u0107en psima! Prona\u0111ite korisne savete o dresuri, pona\u0161anju i brizi o psima, kao i pri\u010de koje \u0107e vam ulep\u0161ati dan","robots":{"index":"index","follow":"follow","max-snippet":"max-snippet:-1","max-image-preview":"max-image-preview:large","max-video-preview":"max-video-preview:-1"},"canonical":"https:\/\/natasinipsi.com\/en\/","og_locale":"en_US","og_type":"article","og_title":"Po\u010detna | Nata\u0161ini psi","og_description":"Dobrodo\u0161li na blog posve\u0107en psima! Prona\u0111ite korisne savete o dresuri, pona\u0161anju i brizi o psima, kao i pri\u010de koje \u0107e vam ulep\u0161ati dan","og_url":"https:\/\/natasinipsi.com\/en\/","og_site_name":"Nata\u0161ini psi","article_publisher":"https:\/\/www.facebook.com\/","article_modified_time":"2025-05-17T20:33:57+00:00","og_image":[{"url":"https:\/\/natasinipsi.com\/wp-content\/uploads\/2025\/05\/kako-nauciti-psa-da-ne-laje-cesto-1024x1024.jpg","type":"","width":"","height":""}],"twitter_card":"summary_large_image","twitter_misc":{"Est. reading time":"3 minutes"},"schema":{"@context":"https:\/\/schema.org","@graph":[{"@type":"WebPage","@id":"https:\/\/natasinipsi.com\/rs\/","url":"https:\/\/natasinipsi.com\/rs\/","name":"Po\u010detna | Nata\u0161ini psi","isPartOf":{"@id":"https:\/\/natasinipsi.com\/#website"},"primaryImageOfPage":{"@id":"https:\/\/natasinipsi.com\/rs\/#primaryimage"},"image":{"@id":"https:\/\/natasinipsi.com\/rs\/#primaryimage"},"thumbnailUrl":"https:\/\/natasinipsi.com\/wp-content\/uploads\/2025\/05\/kako-nauciti-psa-da-ne-laje-cesto-1024x1024.jpg","datePublished":"2022-07-29T20:07:43+00:00","dateModified":"2025-05-17T20:33:57+00:00","description":"Dobrodo\u0161li na blog posve\u0107en psima! Prona\u0111ite korisne savete o dresuri, pona\u0161anju i brizi o psima, kao i pri\u010de koje \u0107e vam ulep\u0161ati dan","breadcrumb":{"@id":"https:\/\/natasinipsi.com\/rs\/#breadcrumb"},"inLanguage":"en-US","potentialAction":[{"@type":"ReadAction","target":["https:\/\/natasinipsi.com\/rs\/"]}]},{"@type":"ImageObject","inLanguage":"en-US","@id":"https:\/\/natasinipsi.com\/rs\/#primaryimage","url":"https:\/\/natasinipsi.com\/wp-content\/uploads\/2025\/05\/kako-nauciti-psa-da-ne-laje-cesto-1024x1024.jpg","contentUrl":"https:\/\/natasinipsi.com\/wp-content\/uploads\/2025\/05\/kako-nauciti-psa-da-ne-laje-cesto-1024x1024.jpg"},{"@type":"BreadcrumbList","@id":"https:\/\/natasinipsi.com\/rs\/#breadcrumb","itemListElement":[{"@type":"ListItem","position":1,"name":"\u041f\u043e\u0447\u0435\u0442\u043d\u0430","item":"https:\/\/natasinipsi.com\/rs\/"},{"@type":"ListItem","position":2,"name":"Po\u010detna"}]},{"@type":"WebSite","@id":"https:\/\/natasinipsi.com\/#website","url":"https:\/\/natasinipsi.com\/","name":"Nata\u0161ini psi","description":"blog o psima","publisher":{"@id":"https:\/\/natasinipsi.com\/#organization"},"potentialAction":[{"@type":"SearchAction","target":{"@type":"EntryPoint","urlTemplate":"https:\/\/natasinipsi.com\/?s={search_term_string}"},"query-input":{"@type":"PropertyValueSpecification","valueRequired":true,"valueName":"search_term_string"}}],"inLanguage":"en-US"},{"@type":"Organization","@id":"https:\/\/natasinipsi.com\/#organization","name":"Nata\u0161ini psi","url":"https:\/\/natasinipsi.com\/","logo":{"@type":"ImageObject","inLanguage":"en-US","@id":"https:\/\/natasinipsi.com\/#\/schema\/logo\/image\/","url":"https:\/\/natasinipsi.com\/wp-content\/uploads\/2025\/05\/cropped-Natasini-psi-logo-bez-pozadine.png","contentUrl":"https:\/\/natasinipsi.com\/wp-content\/uploads\/2025\/05\/cropped-Natasini-psi-logo-bez-pozadine.png","width":512,"height":512,"caption":"Nata\u0161ini psi"},"image":{"@id":"https:\/\/natasinipsi.com\/#\/schema\/logo\/image\/"},"sameAs":["https:\/\/www.facebook.com\/"]}]}},"uagb_featured_image_src":{"full":false,"thumbnail":false,"medium":false,"medium_large":false,"large":false,"1536x1536":false,"2048x2048":false,"trp-custom-language-flag":false},"uagb_author_info":{"display_name":"Nata\u0161a","author_link":"https:\/\/natasinipsi.com\/en\/author\/natasa41419\/"},"uagb_comment_info":0,"uagb_excerpt":"Blog o psima &#8211; mesto gde psi i ljudi postaju najbolji prijatelji Saveti i trikovi KAKO NAU\u010cITI PSA DA NE LAJE \u010cESTO Lajanje je prirodan na\u010din komunikacije za pse. Oni nam kroz lave\u017e poru\u010duju da su uzbu\u0111eni, upla\u0161eni, da im je dosadno &#8230; Pro\u010ditaj vi\u0161e \u043c\u0430\u0458 13, 2025 \/ Nata\u0161a Saveti i trikovi KAKO PREBOLETI&hellip;","jetpack_sharing_enabled":true,"_links":{"self":[{"href":"https:\/\/natasinipsi.com\/en\/wp-json\/wp\/v2\/pages\/50","targetHints":{"allow":["GET"]}}],"collection":[{"href":"https:\/\/natasinipsi.com\/en\/wp-json\/wp\/v2\/pages"}],"about":[{"href":"https:\/\/natasinipsi.com\/en\/wp-json\/wp\/v2\/types\/page"}],"author":[{"embeddable":true,"href":"https:\/\/natasinipsi.com\/en\/wp-json\/wp\/v2\/users\/1"}],"replies":[{"embeddable":true,"href":"https:\/\/natasinipsi.com\/en\/wp-json\/wp\/v2\/comments?post=50"}],"version-history":[{"count":0,"href":"https:\/\/natasinipsi.com\/en\/wp-json\/wp\/v2\/pages\/50\/revisions"}],"wp:attachment":[{"href":"https:\/\/natasinipsi.com\/en\/wp-json\/wp\/v2\/media?parent=50"}],"curies":[{"name":"wp","href":"https:\/\/api.w.org\/{rel}","templated":true}]}}