{"id":1902,"date":"2025-05-22T13:07:04","date_gmt":"2025-05-22T13:07:04","guid":{"rendered":"https:\/\/natasinipsi.com\/?page_id=1902"},"modified":"2025-05-22T15:39:07","modified_gmt":"2025-05-22T15:39:07","slug":"prodavnica-e-knjiga-o-psima","status":"publish","type":"page","link":"https:\/\/natasinipsi.com\/en\/prodavnica-e-knjiga-o-psima\/","title":{"rendered":"PRODAVNICA E-KNJIGA"},"content":{"rendered":"<div data-elementor-type=\"wp-page\" data-elementor-id=\"1902\" class=\"elementor elementor-1902\">\n\t\t\t\t<div class=\"elementor-element elementor-element-5edd9b54 e-con-full e-flex e-con e-parent\" data-id=\"5edd9b54\" data-element_type=\"container\" data-e-type=\"container\">\n\t\t\t\t<div class=\"elementor-element elementor-element-3dddb6f9 elementor-widget__width-initial elementor-widget elementor-widget-text-editor\" data-id=\"3dddb6f9\" data-element_type=\"widget\" data-e-type=\"widget\" data-widget_type=\"text-editor.default\">\n\t\t\t\t<div class=\"elementor-widget-container\">\n\t\t\t\t\t\t\t\t\t\n<div class=\"wp-block-uagb-image uagb-block-658ad3f0 wp-block-uagb-image--layout-default wp-block-uagb-image--effect-static wp-block-uagb-image--align-none\" style=\"text-align: left;\">\n<figure class=\"wp-block-uagb-image__figure\"><img fetchpriority=\"high\" decoding=\"async\" class=\"uag-image-1905 aligncenter\" title=\"priru\u010dnik za obuku pasa (1)\" role=\"img\" src=\"https:\/\/natasinipsi.com\/wp-content\/uploads\/2025\/05\/prirucnik-za-obuku-pasa-1-1-683x1024.jpg\" sizes=\"(max-width: 480px) 150px\" srcset=\"https:\/\/natasinipsi.com\/wp-content\/uploads\/2025\/05\/prirucnik-za-obuku-pasa-1-1-683x1024.jpg ,https:\/\/natasinipsi.com\/wp-content\/uploads\/2025\/05\/prirucnik-za-obuku-pasa-1-1.jpg 780w, https:\/\/natasinipsi.com\/wp-content\/uploads\/2025\/05\/prirucnik-za-obuku-pasa-1-1.jpg 360w\" alt=\"kako nauciti psa gde treba da obavlja nuzdu\" width=\"482\" height=\"723\" \/><\/figure>\n<\/div>\n\t\t\t\t\t\t\t\t<\/div>\n\t\t\t\t<\/div>\n\t\t\t\t<\/div>\n\t\t<div class=\"elementor-element elementor-element-63ac291 e-con-full e-flex e-con e-parent\" data-id=\"63ac291\" data-element_type=\"container\" data-e-type=\"container\">\n\t\t\t\t<div class=\"elementor-element elementor-element-a8fc124 elementor-align-center elementor-widget elementor-widget-button\" data-id=\"a8fc124\" data-element_type=\"widget\" data-e-type=\"widget\" data-widget_type=\"button.default\">\n\t\t\t\t<div class=\"elementor-widget-container\">\n\t\t\t\t\t\t\t\t\t<div class=\"elementor-button-wrapper\">\n\t\t\t\t\t<a class=\"elementor-button elementor-button-link elementor-size-sm\" href=\"https:\/\/natasinipsi.gumroad.com\/l\/natasinaknjiga\">\n\t\t\t\t\t\t<span class=\"elementor-button-content-wrapper\">\n\t\t\t\t\t\t\t\t\t<span class=\"elementor-button-text\">Preuzmi e-knjigu<\/span>\n\t\t\t\t\t<\/span>\n\t\t\t\t\t<\/a>\n\t\t\t\t<\/div>\n\t\t\t\t\t\t\t\t<\/div>\n\t\t\t\t<\/div>\n\t\t\t\t<\/div>\n\t\t<div class=\"elementor-element elementor-element-9a23341 e-flex e-con-boxed e-con e-parent\" data-id=\"9a23341\" data-element_type=\"container\" data-e-type=\"container\">\n\t\t\t\t\t<div class=\"e-con-inner\">\n\t\t\t\t<div class=\"elementor-element elementor-element-531e530 elementor-widget elementor-widget-text-editor\" data-id=\"531e530\" data-element_type=\"widget\" data-e-type=\"widget\" data-widget_type=\"text-editor.default\">\n\t\t\t\t<div class=\"elementor-widget-container\">\n\t\t\t\t\t\t\t\t\t<p><strong>Kupite e-knjigu \u201eKako nau\u010diti \u0161tene gde treba da vr\u0161i nu\u017edu\u201c &#8211; Proveren metod za vlasnike pasa<\/strong><\/p>\n<p>Ako imate \u0161tene i pitate se <strong>kako ga nau\u010diti gde da vr\u0161i nu\u017edu<\/strong>, ova knjiga je pravo re\u0161enje za vas. Napisala sam je na osnovu vi\u0161egodi\u0161njeg iskustva u radu sa psima i vlasnicima, kako bih vam pomogla da brzo, lako i bez stresa nau\u010dite svog ljubimca dobrim navikama.<\/p>\n<p>\u00a0<\/p>\n<p><strong>\ud83d\udccc<\/strong><strong> \u0160ta dobijate uz ovu e-knjigu:<\/strong><\/p>\n<ul>\n<li>Detaljan vodi\u010d sa <strong>korak po korak metodom<\/strong><\/li>\n<li>Prakti\u010dne savete za svakodnevne situacije<\/li>\n<li>Re\u0161enja za naj\u010de\u0161\u0107e gre\u0161ke i probleme<\/li>\n<li>Proveren i bezbedan metod za \u0161tene svake rase i uzrasta<\/li>\n<\/ul>\n<p>\u00a0<\/p>\n<p><strong>\ud83d\udccc<\/strong><strong> Za koga je knjiga namenjena?<\/strong><\/p>\n<p>Za sve vlasnike \u0161tenaca koji \u017eele:<\/p>\n<ul>\n<li>Da \u0161to pre nau\u010de psa gde treba da obavlja nu\u017edu<\/li>\n<li>Da izbegnu haos po ku\u0107i i neprijatne situacije<\/li>\n<li>Da u\u017eivaju u \u0161tenetu bez nerviranja<\/li>\n<\/ul>\n<p>\u00a0<\/p>\n<p><strong>\ud83d\udccc<\/strong><strong> Sigurna i brza kupovina<\/strong><\/p>\n<p>Knjigu mo\u017eete kupiti direktno preko <strong>Gumroad platforme<\/strong> \u2013 <strong>proverene i bezbedne me\u0111unarodne usluge za prodaju digitalnih proizvoda<\/strong>. Pla\u0107anje je jednostavno i mogu\u0107e karticom ili PayPal-om, a knjiga vam odmah nakon kupovine sti\u017ee na e-mail.<\/p>\n<p>Kliknite na dugme ispod, poru\u010dite svoj primerak i re\u0161ite problem zauvek!<\/p>\n<p>\u00a0<\/p>\n<p><strong>\u2705<\/strong><strong> Za\u0161to da kupite ba\u0161 ovaj priru\u010dnik?<\/strong><\/p>\n<p>\u2714\ufe0f Proveren metod koji funkcioni\u0161e<br \/>\u2714\ufe0f Pisano jednostavnim i razumljivim jezikom<br \/>\u2714\ufe0f Nema stresa ni za vas ni za \u0161tene<br \/>\u2714\ufe0f Pomo\u0107 i podr\u0161ka dostupna vam je putem mejla<\/p>\n<p><strong>Poru\u010dite odmah i u\u017eivajte sa sre\u0107nim \u0161tenetom u \u010distom domu!<\/strong><\/p>\n<p>\u00a0<\/p>\t\t\t\t\t\t\t\t<\/div>\n\t\t\t\t<\/div>\n\t\t\t\t\t<\/div>\n\t\t\t\t<\/div>\n\t\t<div class=\"elementor-element elementor-element-21204dd e-flex e-con-boxed e-con e-parent\" data-id=\"21204dd\" data-element_type=\"container\" data-e-type=\"container\">\n\t\t\t\t\t<div class=\"e-con-inner\">\n\t\t\t\t<div class=\"elementor-element elementor-element-03edd2e elementor-align-center elementor-widget elementor-widget-button\" data-id=\"03edd2e\" data-element_type=\"widget\" data-e-type=\"widget\" data-widget_type=\"button.default\">\n\t\t\t\t<div class=\"elementor-widget-container\">\n\t\t\t\t\t\t\t\t\t<div class=\"elementor-button-wrapper\">\n\t\t\t\t\t<a class=\"elementor-button elementor-button-link elementor-size-sm\" href=\"https:\/\/natasinipsi.gumroad.com\/l\/natasinaknjiga\">\n\t\t\t\t\t\t<span class=\"elementor-button-content-wrapper\">\n\t\t\t\t\t\t\t\t\t<span class=\"elementor-button-text\">Preuzmi e-knjigu<\/span>\n\t\t\t\t\t<\/span>\n\t\t\t\t\t<\/a>\n\t\t\t\t<\/div>\n\t\t\t\t\t\t\t\t<\/div>\n\t\t\t\t<\/div>\n\t\t\t\t\t<\/div>\n\t\t\t\t<\/div>\n\t\t\t\t<\/div>","protected":false},"excerpt":{"rendered":"<p>Preuzmi e-knjigu Kupite e-knjigu \u201eKako nau\u010diti \u0161tene gde treba da vr\u0161i nu\u017edu\u201c &#8211; Proveren metod za vlasnike pasa Ako imate \u0161tene i pitate se kako ga nau\u010diti gde da vr\u0161i nu\u017edu, ova knjiga je pravo re\u0161enje za vas. Napisala sam je na osnovu vi\u0161egodi\u0161njeg iskustva u radu sa psima i vlasnicima, kako bih vam pomogla &hellip;<\/p>","protected":false},"author":1,"featured_media":0,"parent":0,"menu_order":0,"comment_status":"closed","ping_status":"closed","template":"","meta":{"_uag_custom_page_level_css":"","footnotes":""},"class_list":["post-1902","page","type-page","status-publish","hentry"],"yoast_head":"<!-- This site is optimized with the Yoast SEO plugin v27.4 - https:\/\/yoast.com\/product\/yoast-seo-wordpress\/ -->\n<title>PRODAVNICA E-KNJIGA | Nata\u0161ini psi<\/title>\n<meta name=\"description\" content=\"Kupite e-knjigu \u201eKako nau\u010diti \u0161tene gde da vr\u0161i nu\u017edu\u201c i uz proveren metod nau\u010dite svog psa dobrim navikama lako i bez stresa.\" \/>\n<meta name=\"robots\" content=\"index, follow, max-snippet:-1, max-image-preview:large, max-video-preview:-1\" \/>\n<link rel=\"canonical\" href=\"https:\/\/natasinipsi.com\/en\/prodavnica-e-knjiga-o-psima\/\" \/>\n<meta property=\"og:locale\" content=\"en_US\" \/>\n<meta property=\"og:type\" content=\"article\" \/>\n<meta property=\"og:title\" content=\"PRODAVNICA E-KNJIGA | Nata\u0161ini psi\" \/>\n<meta property=\"og:description\" content=\"Kupite e-knjigu \u201eKako nau\u010diti \u0161tene gde da vr\u0161i nu\u017edu\u201c i uz proveren metod nau\u010dite svog psa dobrim navikama lako i bez stresa.\" \/>\n<meta property=\"og:url\" content=\"https:\/\/natasinipsi.com\/en\/prodavnica-e-knjiga-o-psima\/\" \/>\n<meta property=\"og:site_name\" content=\"Nata\u0161ini psi\" \/>\n<meta property=\"article:publisher\" content=\"https:\/\/www.facebook.com\/\" \/>\n<meta property=\"article:modified_time\" content=\"2025-05-22T15:39:07+00:00\" \/>\n<meta property=\"og:image\" content=\"https:\/\/natasinipsi.com\/wp-content\/uploads\/2025\/05\/prirucnik-za-obuku-pasa-1-1-683x1024.jpg\" \/>\n<meta name=\"twitter:card\" content=\"summary_large_image\" \/>\n<meta name=\"twitter:label1\" content=\"Est. reading time\" \/>\n\t<meta name=\"twitter:data1\" content=\"2 minutes\" \/>\n<script type=\"application\/ld+json\" class=\"yoast-schema-graph\">{\"@context\":\"https:\\\/\\\/schema.org\",\"@graph\":[{\"@type\":\"WebPage\",\"@id\":\"https:\\\/\\\/natasinipsi.com\\\/prodavnica-e-knjiga-o-psima\\\/\",\"url\":\"https:\\\/\\\/natasinipsi.com\\\/prodavnica-e-knjiga-o-psima\\\/\",\"name\":\"PRODAVNICA E-KNJIGA | Nata\u0161ini psi\",\"isPartOf\":{\"@id\":\"https:\\\/\\\/natasinipsi.com\\\/#website\"},\"primaryImageOfPage\":{\"@id\":\"https:\\\/\\\/natasinipsi.com\\\/prodavnica-e-knjiga-o-psima\\\/#primaryimage\"},\"image\":{\"@id\":\"https:\\\/\\\/natasinipsi.com\\\/prodavnica-e-knjiga-o-psima\\\/#primaryimage\"},\"thumbnailUrl\":\"https:\\\/\\\/natasinipsi.com\\\/wp-content\\\/uploads\\\/2025\\\/05\\\/prirucnik-za-obuku-pasa-1-1-683x1024.jpg\",\"datePublished\":\"2025-05-22T13:07:04+00:00\",\"dateModified\":\"2025-05-22T15:39:07+00:00\",\"description\":\"Kupite e-knjigu \u201eKako nau\u010diti \u0161tene gde da vr\u0161i nu\u017edu\u201c i uz proveren metod nau\u010dite svog psa dobrim navikama lako i bez stresa.\",\"breadcrumb\":{\"@id\":\"https:\\\/\\\/natasinipsi.com\\\/prodavnica-e-knjiga-o-psima\\\/#breadcrumb\"},\"inLanguage\":\"en-US\",\"potentialAction\":[{\"@type\":\"ReadAction\",\"target\":[\"https:\\\/\\\/natasinipsi.com\\\/prodavnica-e-knjiga-o-psima\\\/\"]}]},{\"@type\":\"ImageObject\",\"inLanguage\":\"en-US\",\"@id\":\"https:\\\/\\\/natasinipsi.com\\\/prodavnica-e-knjiga-o-psima\\\/#primaryimage\",\"url\":\"https:\\\/\\\/natasinipsi.com\\\/wp-content\\\/uploads\\\/2025\\\/05\\\/prirucnik-za-obuku-pasa-1-1-683x1024.jpg\",\"contentUrl\":\"https:\\\/\\\/natasinipsi.com\\\/wp-content\\\/uploads\\\/2025\\\/05\\\/prirucnik-za-obuku-pasa-1-1-683x1024.jpg\"},{\"@type\":\"BreadcrumbList\",\"@id\":\"https:\\\/\\\/natasinipsi.com\\\/prodavnica-e-knjiga-o-psima\\\/#breadcrumb\",\"itemListElement\":[{\"@type\":\"ListItem\",\"position\":1,\"name\":\"\u041f\u043e\u0447\u0435\u0442\u043d\u0430\",\"item\":\"https:\\\/\\\/natasinipsi.com\\\/rs\\\/\"},{\"@type\":\"ListItem\",\"position\":2,\"name\":\"PRODAVNICA E-KNJIGA\"}]},{\"@type\":\"WebSite\",\"@id\":\"https:\\\/\\\/natasinipsi.com\\\/#website\",\"url\":\"https:\\\/\\\/natasinipsi.com\\\/\",\"name\":\"Nata\u0161ini psi\",\"description\":\"blog o psima\",\"publisher\":{\"@id\":\"https:\\\/\\\/natasinipsi.com\\\/#organization\"},\"potentialAction\":[{\"@type\":\"SearchAction\",\"target\":{\"@type\":\"EntryPoint\",\"urlTemplate\":\"https:\\\/\\\/natasinipsi.com\\\/?s={search_term_string}\"},\"query-input\":{\"@type\":\"PropertyValueSpecification\",\"valueRequired\":true,\"valueName\":\"search_term_string\"}}],\"inLanguage\":\"en-US\"},{\"@type\":\"Organization\",\"@id\":\"https:\\\/\\\/natasinipsi.com\\\/#organization\",\"name\":\"Nata\u0161ini psi\",\"url\":\"https:\\\/\\\/natasinipsi.com\\\/\",\"logo\":{\"@type\":\"ImageObject\",\"inLanguage\":\"en-US\",\"@id\":\"https:\\\/\\\/natasinipsi.com\\\/#\\\/schema\\\/logo\\\/image\\\/\",\"url\":\"https:\\\/\\\/natasinipsi.com\\\/wp-content\\\/uploads\\\/2025\\\/05\\\/cropped-Natasini-psi-logo-bez-pozadine.png\",\"contentUrl\":\"https:\\\/\\\/natasinipsi.com\\\/wp-content\\\/uploads\\\/2025\\\/05\\\/cropped-Natasini-psi-logo-bez-pozadine.png\",\"width\":512,\"height\":512,\"caption\":\"Nata\u0161ini psi\"},\"image\":{\"@id\":\"https:\\\/\\\/natasinipsi.com\\\/#\\\/schema\\\/logo\\\/image\\\/\"},\"sameAs\":[\"https:\\\/\\\/www.facebook.com\\\/\"]}]}<\/script>\n<!-- \/ Yoast SEO plugin. -->","yoast_head_json":{"title":"PRODAVNICA E-KNJIGA | Nata\u0161ini psi","description":"Kupite e-knjigu \u201eKako nau\u010diti \u0161tene gde da vr\u0161i nu\u017edu\u201c i uz proveren metod nau\u010dite svog psa dobrim navikama lako i bez stresa.","robots":{"index":"index","follow":"follow","max-snippet":"max-snippet:-1","max-image-preview":"max-image-preview:large","max-video-preview":"max-video-preview:-1"},"canonical":"https:\/\/natasinipsi.com\/en\/prodavnica-e-knjiga-o-psima\/","og_locale":"en_US","og_type":"article","og_title":"PRODAVNICA E-KNJIGA | Nata\u0161ini psi","og_description":"Kupite e-knjigu \u201eKako nau\u010diti \u0161tene gde da vr\u0161i nu\u017edu\u201c i uz proveren metod nau\u010dite svog psa dobrim navikama lako i bez stresa.","og_url":"https:\/\/natasinipsi.com\/en\/prodavnica-e-knjiga-o-psima\/","og_site_name":"Nata\u0161ini psi","article_publisher":"https:\/\/www.facebook.com\/","article_modified_time":"2025-05-22T15:39:07+00:00","og_image":[{"url":"https:\/\/natasinipsi.com\/wp-content\/uploads\/2025\/05\/prirucnik-za-obuku-pasa-1-1-683x1024.jpg","type":"","width":"","height":""}],"twitter_card":"summary_large_image","twitter_misc":{"Est. reading time":"2 minutes"},"schema":{"@context":"https:\/\/schema.org","@graph":[{"@type":"WebPage","@id":"https:\/\/natasinipsi.com\/prodavnica-e-knjiga-o-psima\/","url":"https:\/\/natasinipsi.com\/prodavnica-e-knjiga-o-psima\/","name":"PRODAVNICA E-KNJIGA | Nata\u0161ini psi","isPartOf":{"@id":"https:\/\/natasinipsi.com\/#website"},"primaryImageOfPage":{"@id":"https:\/\/natasinipsi.com\/prodavnica-e-knjiga-o-psima\/#primaryimage"},"image":{"@id":"https:\/\/natasinipsi.com\/prodavnica-e-knjiga-o-psima\/#primaryimage"},"thumbnailUrl":"https:\/\/natasinipsi.com\/wp-content\/uploads\/2025\/05\/prirucnik-za-obuku-pasa-1-1-683x1024.jpg","datePublished":"2025-05-22T13:07:04+00:00","dateModified":"2025-05-22T15:39:07+00:00","description":"Kupite e-knjigu \u201eKako nau\u010diti \u0161tene gde da vr\u0161i nu\u017edu\u201c i uz proveren metod nau\u010dite svog psa dobrim navikama lako i bez stresa.","breadcrumb":{"@id":"https:\/\/natasinipsi.com\/prodavnica-e-knjiga-o-psima\/#breadcrumb"},"inLanguage":"en-US","potentialAction":[{"@type":"ReadAction","target":["https:\/\/natasinipsi.com\/prodavnica-e-knjiga-o-psima\/"]}]},{"@type":"ImageObject","inLanguage":"en-US","@id":"https:\/\/natasinipsi.com\/prodavnica-e-knjiga-o-psima\/#primaryimage","url":"https:\/\/natasinipsi.com\/wp-content\/uploads\/2025\/05\/prirucnik-za-obuku-pasa-1-1-683x1024.jpg","contentUrl":"https:\/\/natasinipsi.com\/wp-content\/uploads\/2025\/05\/prirucnik-za-obuku-pasa-1-1-683x1024.jpg"},{"@type":"BreadcrumbList","@id":"https:\/\/natasinipsi.com\/prodavnica-e-knjiga-o-psima\/#breadcrumb","itemListElement":[{"@type":"ListItem","position":1,"name":"\u041f\u043e\u0447\u0435\u0442\u043d\u0430","item":"https:\/\/natasinipsi.com\/rs\/"},{"@type":"ListItem","position":2,"name":"PRODAVNICA E-KNJIGA"}]},{"@type":"WebSite","@id":"https:\/\/natasinipsi.com\/#website","url":"https:\/\/natasinipsi.com\/","name":"Nata\u0161ini psi","description":"blog o psima","publisher":{"@id":"https:\/\/natasinipsi.com\/#organization"},"potentialAction":[{"@type":"SearchAction","target":{"@type":"EntryPoint","urlTemplate":"https:\/\/natasinipsi.com\/?s={search_term_string}"},"query-input":{"@type":"PropertyValueSpecification","valueRequired":true,"valueName":"search_term_string"}}],"inLanguage":"en-US"},{"@type":"Organization","@id":"https:\/\/natasinipsi.com\/#organization","name":"Nata\u0161ini psi","url":"https:\/\/natasinipsi.com\/","logo":{"@type":"ImageObject","inLanguage":"en-US","@id":"https:\/\/natasinipsi.com\/#\/schema\/logo\/image\/","url":"https:\/\/natasinipsi.com\/wp-content\/uploads\/2025\/05\/cropped-Natasini-psi-logo-bez-pozadine.png","contentUrl":"https:\/\/natasinipsi.com\/wp-content\/uploads\/2025\/05\/cropped-Natasini-psi-logo-bez-pozadine.png","width":512,"height":512,"caption":"Nata\u0161ini psi"},"image":{"@id":"https:\/\/natasinipsi.com\/#\/schema\/logo\/image\/"},"sameAs":["https:\/\/www.facebook.com\/"]}]}},"uagb_featured_image_src":{"full":false,"thumbnail":false,"medium":false,"medium_large":false,"large":false,"1536x1536":false,"2048x2048":false,"trp-custom-language-flag":false},"uagb_author_info":{"display_name":"Nata\u0161a","author_link":"https:\/\/natasinipsi.com\/en\/author\/natasa41419\/"},"uagb_comment_info":0,"uagb_excerpt":"Preuzmi e-knjigu Kupite e-knjigu \u201eKako nau\u010diti \u0161tene gde treba da vr\u0161i nu\u017edu\u201c &#8211; Proveren metod za vlasnike pasa Ako imate \u0161tene i pitate se kako ga nau\u010diti gde da vr\u0161i nu\u017edu, ova knjiga je pravo re\u0161enje za vas. Napisala sam je na osnovu vi\u0161egodi\u0161njeg iskustva u radu sa psima i vlasnicima, kako bih vam pomogla&hellip;","jetpack_sharing_enabled":true,"_links":{"self":[{"href":"https:\/\/natasinipsi.com\/en\/wp-json\/wp\/v2\/pages\/1902","targetHints":{"allow":["GET"]}}],"collection":[{"href":"https:\/\/natasinipsi.com\/en\/wp-json\/wp\/v2\/pages"}],"about":[{"href":"https:\/\/natasinipsi.com\/en\/wp-json\/wp\/v2\/types\/page"}],"author":[{"embeddable":true,"href":"https:\/\/natasinipsi.com\/en\/wp-json\/wp\/v2\/users\/1"}],"replies":[{"embeddable":true,"href":"https:\/\/natasinipsi.com\/en\/wp-json\/wp\/v2\/comments?post=1902"}],"version-history":[{"count":0,"href":"https:\/\/natasinipsi.com\/en\/wp-json\/wp\/v2\/pages\/1902\/revisions"}],"wp:attachment":[{"href":"https:\/\/natasinipsi.com\/en\/wp-json\/wp\/v2\/media?parent=1902"}],"curies":[{"name":"wp","href":"https:\/\/api.w.org\/{rel}","templated":true}]}}